{"id":805,"date":"2022-05-10T12:25:06","date_gmt":"2022-05-10T09:25:06","guid":{"rendered":"https:\/\/veluxyalikavak.com\/?page_id=805"},"modified":"2022-10-21T13:50:43","modified_gmt":"2022-10-21T10:50:43","slug":"consept","status":"publish","type":"page","link":"https:\/\/veluxyalikavak.com\/en\/consept\/","title":{"rendered":"Consept"},"content":{"rendered":"\t\t<div data-elementor-type=\"wp-page\" data-elementor-id=\"805\" class=\"elementor elementor-805\" data-elementor-post-type=\"page\">\n\t\t\t\t\t\t<section class=\"elementor-section elementor-top-section elementor-element elementor-element-9afeae0 elementor-section-full_width elementor-section-stretched elementor-section-height-default elementor-section-height-default\" data-id=\"9afeae0\" data-element_type=\"section\" data-e-type=\"section\" data-settings=\"{&quot;stretch_section&quot;:&quot;section-stretched&quot;}\">\n\t\t\t\t\t\t<div class=\"elementor-container elementor-column-gap-no\">\n\t\t\t\t\t<div class=\"elementor-column elementor-col-100 elementor-top-column elementor-element elementor-element-c5773d9\" data-id=\"c5773d9\" data-element_type=\"column\" data-e-type=\"column\">\n\t\t\t<div class=\"elementor-widget-wrap elementor-element-populated\">\n\t\t\t\t\t\t<div class=\"elementor-element elementor-element-e6dc608 elementor-widget elementor-widget-image\" data-id=\"e6dc608\" data-element_type=\"widget\" data-e-type=\"widget\" data-widget_type=\"image.default\">\n\t\t\t\t<div class=\"elementor-widget-container\">\n\t\t\t\t\t\t\t\t\t\t\t\t\t\t\t<img fetchpriority=\"high\" decoding=\"async\" width=\"1920\" height=\"842\" src=\"https:\/\/veluxyalikavak.com\/wp-content\/uploads\/2022\/10\/VELUX_YALIKAVAK_GALERI.jpg\" class=\"attachment-full size-full wp-image-2109\" alt=\"\" srcset=\"https:\/\/veluxyalikavak.com\/wp-content\/uploads\/2022\/10\/VELUX_YALIKAVAK_GALERI.jpg 1920w, https:\/\/veluxyalikavak.com\/wp-content\/uploads\/2022\/10\/VELUX_YALIKAVAK_GALERI-300x132.jpg 300w, https:\/\/veluxyalikavak.com\/wp-content\/uploads\/2022\/10\/VELUX_YALIKAVAK_GALERI-1024x449.jpg 1024w, https:\/\/veluxyalikavak.com\/wp-content\/uploads\/2022\/10\/VELUX_YALIKAVAK_GALERI-768x337.jpg 768w, https:\/\/veluxyalikavak.com\/wp-content\/uploads\/2022\/10\/VELUX_YALIKAVAK_GALERI-1536x674.jpg 1536w, https:\/\/veluxyalikavak.com\/wp-content\/uploads\/2022\/10\/VELUX_YALIKAVAK_GALERI-260x114.jpg 260w, https:\/\/veluxyalikavak.com\/wp-content\/uploads\/2022\/10\/VELUX_YALIKAVAK_GALERI-50x22.jpg 50w, https:\/\/veluxyalikavak.com\/wp-content\/uploads\/2022\/10\/VELUX_YALIKAVAK_GALERI-150x66.jpg 150w\" sizes=\"(max-width: 1920px) 100vw, 1920px\" \/>\t\t\t\t\t\t\t\t\t\t\t\t\t\t\t<\/div>\n\t\t\t\t<\/div>\n\t\t\t\t<div class=\"elementor-element elementor-element-c95ef4e elementor-absolute elementor-widget elementor-widget-image\" data-id=\"c95ef4e\" data-element_type=\"widget\" data-e-type=\"widget\" data-settings=\"{&quot;_position&quot;:&quot;absolute&quot;}\" data-widget_type=\"image.default\">\n\t\t\t\t<div class=\"elementor-widget-container\">\n\t\t\t\t\t\t\t\t\t\t\t\t\t\t\t<img decoding=\"async\" width=\"625\" height=\"618\" src=\"https:\/\/veluxyalikavak.com\/wp-content\/uploads\/2022\/05\/Layer-5-1.png\" class=\"attachment-full size-full wp-image-176\" alt=\"\" srcset=\"https:\/\/veluxyalikavak.com\/wp-content\/uploads\/2022\/05\/Layer-5-1.png 625w, https:\/\/veluxyalikavak.com\/wp-content\/uploads\/2022\/05\/Layer-5-1-300x297.png 300w, https:\/\/veluxyalikavak.com\/wp-content\/uploads\/2022\/05\/Layer-5-1-148x146.png 148w, https:\/\/veluxyalikavak.com\/wp-content\/uploads\/2022\/05\/Layer-5-1-50x50.png 50w, https:\/\/veluxyalikavak.com\/wp-content\/uploads\/2022\/05\/Layer-5-1-76x75.png 76w, https:\/\/veluxyalikavak.com\/wp-content\/uploads\/2022\/05\/Layer-5-1-85x85.png 85w, https:\/\/veluxyalikavak.com\/wp-content\/uploads\/2022\/05\/Layer-5-1-80x80.png 80w\" sizes=\"(max-width: 625px) 100vw, 625px\" \/>\t\t\t\t\t\t\t\t\t\t\t\t\t\t\t<\/div>\n\t\t\t\t<\/div>\n\t\t\t\t\t<\/div>\n\t\t<\/div>\n\t\t\t\t\t<\/div>\n\t\t<\/section>\n\t\t\t\t<section class=\"elementor-section elementor-top-section elementor-element elementor-element-3eabe7e elementor-section-full_width elementor-section-stretched elementor-section-height-default elementor-section-height-default\" data-id=\"3eabe7e\" data-element_type=\"section\" data-e-type=\"section\" data-settings=\"{&quot;stretch_section&quot;:&quot;section-stretched&quot;}\">\n\t\t\t\t\t\t<div class=\"elementor-container elementor-column-gap-default\">\n\t\t\t\t\t<div class=\"elementor-column elementor-col-50 elementor-top-column elementor-element elementor-element-1c41ae5\" data-id=\"1c41ae5\" data-element_type=\"column\" data-e-type=\"column\">\n\t\t\t<div class=\"elementor-widget-wrap elementor-element-populated\">\n\t\t\t\t\t\t<div class=\"elementor-element elementor-element-0902b77 elementor-widget elementor-widget-image\" data-id=\"0902b77\" data-element_type=\"widget\" data-e-type=\"widget\" data-widget_type=\"image.default\">\n\t\t\t\t<div class=\"elementor-widget-container\">\n\t\t\t\t\t\t\t\t\t\t\t\t\t\t\t<img decoding=\"async\" width=\"761\" height=\"458\" src=\"https:\/\/veluxyalikavak.com\/wp-content\/uploads\/2022\/05\/cam05.png\" class=\"attachment-full size-full wp-image-233\" alt=\"\" srcset=\"https:\/\/veluxyalikavak.com\/wp-content\/uploads\/2022\/05\/cam05.png 761w, https:\/\/veluxyalikavak.com\/wp-content\/uploads\/2022\/05\/cam05-300x181.png 300w, https:\/\/veluxyalikavak.com\/wp-content\/uploads\/2022\/05\/cam05-243x146.png 243w, https:\/\/veluxyalikavak.com\/wp-content\/uploads\/2022\/05\/cam05-50x30.png 50w, https:\/\/veluxyalikavak.com\/wp-content\/uploads\/2022\/05\/cam05-125x75.png 125w\" sizes=\"(max-width: 761px) 100vw, 761px\" \/>\t\t\t\t\t\t\t\t\t\t\t\t\t\t\t<\/div>\n\t\t\t\t<\/div>\n\t\t\t\t\t<\/div>\n\t\t<\/div>\n\t\t\t\t<div class=\"elementor-column elementor-col-50 elementor-top-column elementor-element elementor-element-73823aa\" data-id=\"73823aa\" data-element_type=\"column\" data-e-type=\"column\">\n\t\t\t<div class=\"elementor-widget-wrap elementor-element-populated\">\n\t\t\t\t\t\t<div class=\"elementor-element elementor-element-2574259 elementor-widget elementor-widget-heading\" data-id=\"2574259\" data-element_type=\"widget\" data-e-type=\"widget\" data-widget_type=\"heading.default\">\n\t\t\t\t<div class=\"elementor-widget-container\">\n\t\t\t\t\t<h2 class=\"elementor-heading-title elementor-size-default\">Concept <\/h2>\t\t\t\t<\/div>\n\t\t\t\t<\/div>\n\t\t\t\t<div class=\"elementor-element elementor-element-cbe7168 elementor-widget elementor-widget-heading\" data-id=\"cbe7168\" data-element_type=\"widget\" data-e-type=\"widget\" data-widget_type=\"heading.default\">\n\t\t\t\t<div class=\"elementor-widget-container\">\n\t\t\t\t\t<h2 class=\"elementor-heading-title elementor-size-default\">About<\/h2>\t\t\t\t<\/div>\n\t\t\t\t<\/div>\n\t\t\t\t<div class=\"elementor-element elementor-element-d95ce74 elementor-widget elementor-widget-text-editor\" data-id=\"d95ce74\" data-element_type=\"widget\" data-e-type=\"widget\" data-widget_type=\"text-editor.default\">\n\t\t\t\t<div class=\"elementor-widget-container\">\n\t\t\t\t\t\t\t\t\t<p>Each house in the project is inspired by the regional architecture and constructed with the unique texture of this region will give you an amazing view to wake up. Each detail is considered in your new home where you will have landscape planning, spend an enjoyable time in the green garden and view the infinite sea, warm sun and all the glamour of nature and these are all brought to you. Everything from sea taxi to kid\u2019s club, heated closed swimming pool to entertainment areas are prepared for you by considering the luxurious life standards&#8230;<\/p>\t\t\t\t\t\t\t\t<\/div>\n\t\t\t\t<\/div>\n\t\t\t\t\t<\/div>\n\t\t<\/div>\n\t\t\t\t\t<\/div>\n\t\t<\/section>\n\t\t\t\t<section class=\"elementor-section elementor-top-section elementor-element elementor-element-ad8bb98 elementor-section-full_width elementor-section-stretched elementor-section-height-default elementor-section-height-default\" data-id=\"ad8bb98\" data-element_type=\"section\" data-e-type=\"section\" data-settings=\"{&quot;stretch_section&quot;:&quot;section-stretched&quot;}\">\n\t\t\t\t\t\t<div class=\"elementor-container elementor-column-gap-no\">\n\t\t\t\t\t<div class=\"elementor-column elementor-col-50 elementor-top-column elementor-element elementor-element-e0236f2\" data-id=\"e0236f2\" data-element_type=\"column\" data-e-type=\"column\">\n\t\t\t<div class=\"elementor-widget-wrap elementor-element-populated\">\n\t\t\t\t\t\t<div class=\"elementor-element elementor-element-df117be elementor-widget elementor-widget-heading\" data-id=\"df117be\" data-element_type=\"widget\" data-e-type=\"widget\" data-widget_type=\"heading.default\">\n\t\t\t\t<div class=\"elementor-widget-container\">\n\t\t\t\t\t<h2 class=\"elementor-heading-title elementor-size-default\">Sea, Beach and Marina<\/h2>\t\t\t\t<\/div>\n\t\t\t\t<\/div>\n\t\t\t\t<div class=\"elementor-element elementor-element-a7ddbb6 elementor-widget elementor-widget-text-editor\" data-id=\"a7ddbb6\" data-element_type=\"widget\" data-e-type=\"widget\" data-widget_type=\"text-editor.default\">\n\t\t\t\t<div class=\"elementor-widget-container\">\n\t\t\t\t\t\t\t\t\t<p>Each house in the project is inspired by the regional architecture and constructed with the unique texture of this region will give you an amazing view to wake up. Each detail is considered in your new home where you will have landscape planning, spend an enjoyable time in the green garden and view the infinite sea, warm sun and all the glamour of nature and these are all brought to you. Everything from sea taxi to kid\u2019s club, heated closed swimming pool to entertainment areas are prepared for you by considering the luxurious life standards&#8230;<\/p>\t\t\t\t\t\t\t\t<\/div>\n\t\t\t\t<\/div>\n\t\t\t\t\t<\/div>\n\t\t<\/div>\n\t\t\t\t<div class=\"elementor-column elementor-col-50 elementor-top-column elementor-element elementor-element-b815e2c\" data-id=\"b815e2c\" data-element_type=\"column\" data-e-type=\"column\">\n\t\t\t<div class=\"elementor-widget-wrap\">\n\t\t\t\t\t\t\t<\/div>\n\t\t<\/div>\n\t\t\t\t\t<\/div>\n\t\t<\/section>\n\t\t\t\t<section class=\"elementor-section elementor-top-section elementor-element elementor-element-30fe4e7 elementor-section-full_width elementor-section-stretched elementor-section-height-default elementor-section-height-default\" data-id=\"30fe4e7\" data-element_type=\"section\" data-e-type=\"section\" data-settings=\"{&quot;stretch_section&quot;:&quot;section-stretched&quot;}\">\n\t\t\t\t\t\t<div class=\"elementor-container elementor-column-gap-no\">\n\t\t\t\t\t<div class=\"elementor-column elementor-col-100 elementor-top-column elementor-element elementor-element-7637079\" data-id=\"7637079\" data-element_type=\"column\" data-e-type=\"column\">\n\t\t\t<div class=\"elementor-widget-wrap elementor-element-populated\">\n\t\t\t\t\t\t<div class=\"elementor-element elementor-element-3b6ba75 elementor-absolute elementor-widget elementor-widget-image\" data-id=\"3b6ba75\" data-element_type=\"widget\" data-e-type=\"widget\" data-settings=\"{&quot;_position&quot;:&quot;absolute&quot;}\" data-widget_type=\"image.default\">\n\t\t\t\t<div class=\"elementor-widget-container\">\n\t\t\t\t\t\t\t\t\t\t\t\t\t\t\t<img loading=\"lazy\" decoding=\"async\" width=\"1920\" height=\"1129\" src=\"https:\/\/veluxyalikavak.com\/wp-content\/uploads\/2022\/05\/01_png-1.png\" class=\"attachment-full size-full wp-image-236\" alt=\"\" srcset=\"https:\/\/veluxyalikavak.com\/wp-content\/uploads\/2022\/05\/01_png-1.png 1920w, https:\/\/veluxyalikavak.com\/wp-content\/uploads\/2022\/05\/01_png-1-300x176.png 300w, https:\/\/veluxyalikavak.com\/wp-content\/uploads\/2022\/05\/01_png-1-1024x602.png 1024w, https:\/\/veluxyalikavak.com\/wp-content\/uploads\/2022\/05\/01_png-1-768x452.png 768w, https:\/\/veluxyalikavak.com\/wp-content\/uploads\/2022\/05\/01_png-1-1536x903.png 1536w, https:\/\/veluxyalikavak.com\/wp-content\/uploads\/2022\/05\/01_png-1-248x146.png 248w, https:\/\/veluxyalikavak.com\/wp-content\/uploads\/2022\/05\/01_png-1-50x29.png 50w, https:\/\/veluxyalikavak.com\/wp-content\/uploads\/2022\/05\/01_png-1-128x75.png 128w\" sizes=\"(max-width: 1920px) 100vw, 1920px\" \/>\t\t\t\t\t\t\t\t\t\t\t\t\t\t\t<\/div>\n\t\t\t\t<\/div>\n\t\t\t\t\t<\/div>\n\t\t<\/div>\n\t\t\t\t\t<\/div>\n\t\t<\/section>\n\t\t\t\t<section class=\"elementor-section elementor-top-section elementor-element elementor-element-9588c53 elementor-section-stretched elementor-section-boxed elementor-section-height-default elementor-section-height-default\" data-id=\"9588c53\" data-element_type=\"section\" data-e-type=\"section\" data-settings=\"{&quot;stretch_section&quot;:&quot;section-stretched&quot;}\">\n\t\t\t\t\t\t<div class=\"elementor-container elementor-column-gap-default\">\n\t\t\t\t\t<div class=\"elementor-column elementor-col-50 elementor-top-column elementor-element elementor-element-069ce94\" data-id=\"069ce94\" data-element_type=\"column\" data-e-type=\"column\">\n\t\t\t<div class=\"elementor-widget-wrap elementor-element-populated\">\n\t\t\t\t\t\t<div class=\"elementor-element elementor-element-c052688 elementor-widget elementor-widget-heading\" data-id=\"c052688\" data-element_type=\"widget\" data-e-type=\"widget\" data-widget_type=\"heading.default\">\n\t\t\t\t<div class=\"elementor-widget-container\">\n\t\t\t\t\t<h2 class=\"elementor-heading-title elementor-size-default\">Yal\u0131kavak<\/h2>\t\t\t\t<\/div>\n\t\t\t\t<\/div>\n\t\t\t\t<div class=\"elementor-element elementor-element-cac8c34 elementor-widget elementor-widget-text-editor\" data-id=\"cac8c34\" data-element_type=\"widget\" data-e-type=\"widget\" data-widget_type=\"text-editor.default\">\n\t\t\t\t<div class=\"elementor-widget-container\">\n\t\t\t\t\t\t\t\t\tYal\u0131kavak where our project is located is one of the most popular tourist centers in Bodrum. Yal\u0131kavak is indispensable for surf lovers due to its windy structure. Yal\u0131kavak which is famous for its blue flagged beaches, windmills that became the symbol of the region and tangerine gardens is one of the rare cool points where you can take a deep breath on hot summer days.\t\t\t\t\t\t\t\t<\/div>\n\t\t\t\t<\/div>\n\t\t\t\t\t<\/div>\n\t\t<\/div>\n\t\t\t\t<div class=\"elementor-column elementor-col-50 elementor-top-column elementor-element elementor-element-ecba255\" data-id=\"ecba255\" data-element_type=\"column\" data-e-type=\"column\">\n\t\t\t<div class=\"elementor-widget-wrap elementor-element-populated\">\n\t\t\t\t\t\t<div class=\"elementor-element elementor-element-309c367 elementor-widget elementor-widget-heading\" data-id=\"309c367\" data-element_type=\"widget\" data-e-type=\"widget\" data-widget_type=\"heading.default\">\n\t\t\t\t<div class=\"elementor-widget-container\">\n\t\t\t\t\t<h2 class=\"elementor-heading-title elementor-size-default\">Koyunbaba<\/h2>\t\t\t\t<\/div>\n\t\t\t\t<\/div>\n\t\t\t\t<div class=\"elementor-element elementor-element-4b30c32 elementor-widget elementor-widget-text-editor\" data-id=\"4b30c32\" data-element_type=\"widget\" data-e-type=\"widget\" data-widget_type=\"text-editor.default\">\n\t\t\t\t<div class=\"elementor-widget-container\">\n\t\t\t\t\t\t\t\t\t<p>Koyunbaba located between Yal\u0131kavak and G\u00fcm\u00fc\u015fl\u00fck is one of the calmest places in Bodrum which awaits to be discovered with the best sea in Bodrum. This cove is hidden heaven from tourism and it is famous for historical stone stoves, castles and stone artefacts. Are you ready to be one of the first people to discover the region with Velux Yal\u0131kavak?<\/p>\t\t\t\t\t\t\t\t<\/div>\n\t\t\t\t<\/div>\n\t\t\t\t\t<\/div>\n\t\t<\/div>\n\t\t\t\t\t<\/div>\n\t\t<\/section>\n\t\t\t\t<section class=\"elementor-section elementor-top-section elementor-element elementor-element-a7ef01b elementor-section-stretched elementor-section-boxed elementor-section-height-default elementor-section-height-default\" data-id=\"a7ef01b\" data-element_type=\"section\" data-e-type=\"section\" data-settings=\"{&quot;stretch_section&quot;:&quot;section-stretched&quot;}\">\n\t\t\t\t\t\t<div class=\"elementor-container elementor-column-gap-default\">\n\t\t\t\t\t<div class=\"elementor-column elementor-col-100 elementor-top-column elementor-element elementor-element-105557f\" data-id=\"105557f\" data-element_type=\"column\" data-e-type=\"column\">\n\t\t\t<div class=\"elementor-widget-wrap elementor-element-populated\">\n\t\t\t\t\t\t<div class=\"elementor-element elementor-element-b284ef6 elementor-widget elementor-widget-image\" data-id=\"b284ef6\" data-element_type=\"widget\" data-e-type=\"widget\" data-widget_type=\"image.default\">\n\t\t\t\t<div class=\"elementor-widget-container\">\n\t\t\t\t\t\t\t\t\t\t\t\t\t\t\t<img loading=\"lazy\" decoding=\"async\" width=\"1082\" height=\"188\" src=\"https:\/\/veluxyalikavak.com\/wp-content\/uploads\/2022\/05\/shutterstock_1093357193-e1652178431406.png\" class=\"attachment-full size-full wp-image-119\" alt=\"\" srcset=\"https:\/\/veluxyalikavak.com\/wp-content\/uploads\/2022\/05\/shutterstock_1093357193-e1652178431406.png 1082w, https:\/\/veluxyalikavak.com\/wp-content\/uploads\/2022\/05\/shutterstock_1093357193-e1652178431406-300x52.png 300w, https:\/\/veluxyalikavak.com\/wp-content\/uploads\/2022\/05\/shutterstock_1093357193-e1652178431406-1024x178.png 1024w, https:\/\/veluxyalikavak.com\/wp-content\/uploads\/2022\/05\/shutterstock_1093357193-e1652178431406-768x133.png 768w, https:\/\/veluxyalikavak.com\/wp-content\/uploads\/2022\/05\/shutterstock_1093357193-e1652178431406-260x45.png 260w, https:\/\/veluxyalikavak.com\/wp-content\/uploads\/2022\/05\/shutterstock_1093357193-e1652178431406-50x9.png 50w, https:\/\/veluxyalikavak.com\/wp-content\/uploads\/2022\/05\/shutterstock_1093357193-e1652178431406-150x26.png 150w\" sizes=\"(max-width: 1082px) 100vw, 1082px\" \/>\t\t\t\t\t\t\t\t\t\t\t\t\t\t\t<\/div>\n\t\t\t\t<\/div>\n\t\t\t\t\t<\/div>\n\t\t<\/div>\n\t\t\t\t\t<\/div>\n\t\t<\/section>\n\t\t\t\t<\/div>\n\t\t","protected":false},"excerpt":{"rendered":"<p>Concept About Each house in the project is inspired by the regional architecture and constructed with the unique texture of [&hellip;]<\/p>\n","protected":false},"author":1,"featured_media":0,"parent":0,"menu_order":0,"comment_status":"closed","ping_status":"closed","template":"","meta":{"site-sidebar-layout":"default","site-content-layout":"","ast-site-content-layout":"default","site-content-style":"default","site-sidebar-style":"default","ast-global-header-display":"","ast-banner-title-visibility":"","ast-main-header-display":"","ast-hfb-above-header-display":"","ast-hfb-below-header-display":"","ast-hfb-mobile-header-display":"","site-post-title":"","ast-breadcrumbs-content":"","ast-featured-img":"","footer-sml-layout":"","ast-disable-related-posts":"","theme-transparent-header-meta":"","adv-header-id-meta":"","stick-header-meta":"","header-above-stick-meta":"","header-main-stick-meta":"","header-below-stick-meta":"","astra-migrate-meta-layouts":"default","ast-page-background-enabled":"default","ast-page-background-meta":{"desktop":{"background-color":"var(--ast-global-color-4)","background-image":"","background-repeat":"repeat","background-position":"center center","background-size":"auto","background-attachment":"scroll","background-type":"","background-media":"","overlay-type":"","overlay-color":"","overlay-opacity":"","overlay-gradient":""},"tablet":{"background-color":"","background-image":"","background-repeat":"repeat","background-position":"center center","background-size":"auto","background-attachment":"scroll","background-type":"","background-media":"","overlay-type":"","overlay-color":"","overlay-opacity":"","overlay-gradient":""},"mobile":{"background-color":"","background-image":"","background-repeat":"repeat","background-position":"center center","background-size":"auto","background-attachment":"scroll","background-type":"","background-media":"","overlay-type":"","overlay-color":"","overlay-opacity":"","overlay-gradient":""}},"ast-content-background-meta":{"desktop":{"background-color":"var(--ast-global-color-5)","background-image":"","background-repeat":"repeat","background-position":"center center","background-size":"auto","background-attachment":"scroll","background-type":"","background-media":"","overlay-type":"","overlay-color":"","overlay-opacity":"","overlay-gradient":""},"tablet":{"background-color":"var(--ast-global-color-5)","background-image":"","background-repeat":"repeat","background-position":"center center","background-size":"auto","background-attachment":"scroll","background-type":"","background-media":"","overlay-type":"","overlay-color":"","overlay-opacity":"","overlay-gradient":""},"mobile":{"background-color":"var(--ast-global-color-5)","background-image":"","background-repeat":"repeat","background-position":"center center","background-size":"auto","background-attachment":"scroll","background-type":"","background-media":"","overlay-type":"","overlay-color":"","overlay-opacity":"","overlay-gradient":""}},"footnotes":""},"class_list":["post-805","page","type-page","status-publish","hentry"],"_links":{"self":[{"href":"https:\/\/veluxyalikavak.com\/en\/wp-json\/wp\/v2\/pages\/805","targetHints":{"allow":["GET"]}}],"collection":[{"href":"https:\/\/veluxyalikavak.com\/en\/wp-json\/wp\/v2\/pages"}],"about":[{"href":"https:\/\/veluxyalikavak.com\/en\/wp-json\/wp\/v2\/types\/page"}],"author":[{"embeddable":true,"href":"https:\/\/veluxyalikavak.com\/en\/wp-json\/wp\/v2\/users\/1"}],"replies":[{"embeddable":true,"href":"https:\/\/veluxyalikavak.com\/en\/wp-json\/wp\/v2\/comments?post=805"}],"version-history":[{"count":0,"href":"https:\/\/veluxyalikavak.com\/en\/wp-json\/wp\/v2\/pages\/805\/revisions"}],"wp:attachment":[{"href":"https:\/\/veluxyalikavak.com\/en\/wp-json\/wp\/v2\/media?parent=805"}],"curies":[{"name":"wp","href":"https:\/\/api.w.org\/{rel}","templated":true}]}}