{"id":841,"date":"2022-05-23T10:05:39","date_gmt":"2022-05-23T07:05:39","guid":{"rendered":"https:\/\/veluxyalikavak.com\/?page_id=841"},"modified":"2022-06-06T15:31:40","modified_gmt":"2022-06-06T12:31:40","slug":"about-us","status":"publish","type":"page","link":"https:\/\/veluxyalikavak.com\/en\/about-us\/","title":{"rendered":"About Us"},"content":{"rendered":"\t\t<div data-elementor-type=\"wp-page\" data-elementor-id=\"841\" class=\"elementor elementor-841\" data-elementor-post-type=\"page\">\n\t\t\t\t\t\t<section class=\"elementor-section elementor-top-section elementor-element elementor-element-9afeae0 elementor-section-full_width elementor-section-stretched elementor-section-height-default elementor-section-height-default\" data-id=\"9afeae0\" data-element_type=\"section\" data-e-type=\"section\" data-settings=\"{&quot;stretch_section&quot;:&quot;section-stretched&quot;}\">\n\t\t\t\t\t\t<div class=\"elementor-container elementor-column-gap-no\">\n\t\t\t\t\t<div class=\"elementor-column elementor-col-100 elementor-top-column elementor-element elementor-element-c5773d9\" data-id=\"c5773d9\" data-element_type=\"column\" data-e-type=\"column\">\n\t\t\t<div class=\"elementor-widget-wrap elementor-element-populated\">\n\t\t\t\t\t\t<div class=\"elementor-element elementor-element-e6dc608 elementor-widget elementor-widget-image\" data-id=\"e6dc608\" data-element_type=\"widget\" data-e-type=\"widget\" data-widget_type=\"image.default\">\n\t\t\t\t<div class=\"elementor-widget-container\">\n\t\t\t\t\t\t\t\t\t\t\t\t\t\t\t<img fetchpriority=\"high\" decoding=\"async\" width=\"1920\" height=\"715\" src=\"https:\/\/veluxyalikavak.com\/wp-content\/uploads\/2022\/05\/VELUX-WEB-BACK.png\" class=\"attachment-full size-full wp-image-175\" alt=\"\" srcset=\"https:\/\/veluxyalikavak.com\/wp-content\/uploads\/2022\/05\/VELUX-WEB-BACK.png 1920w, https:\/\/veluxyalikavak.com\/wp-content\/uploads\/2022\/05\/VELUX-WEB-BACK-300x112.png 300w, https:\/\/veluxyalikavak.com\/wp-content\/uploads\/2022\/05\/VELUX-WEB-BACK-1024x381.png 1024w, https:\/\/veluxyalikavak.com\/wp-content\/uploads\/2022\/05\/VELUX-WEB-BACK-768x286.png 768w, https:\/\/veluxyalikavak.com\/wp-content\/uploads\/2022\/05\/VELUX-WEB-BACK-1536x572.png 1536w, https:\/\/veluxyalikavak.com\/wp-content\/uploads\/2022\/05\/VELUX-WEB-BACK-260x97.png 260w, https:\/\/veluxyalikavak.com\/wp-content\/uploads\/2022\/05\/VELUX-WEB-BACK-50x19.png 50w, https:\/\/veluxyalikavak.com\/wp-content\/uploads\/2022\/05\/VELUX-WEB-BACK-150x56.png 150w\" sizes=\"(max-width: 1920px) 100vw, 1920px\" \/>\t\t\t\t\t\t\t\t\t\t\t\t\t\t\t<\/div>\n\t\t\t\t<\/div>\n\t\t\t\t<div class=\"elementor-element elementor-element-c95ef4e elementor-absolute elementor-widget elementor-widget-image\" data-id=\"c95ef4e\" data-element_type=\"widget\" data-e-type=\"widget\" data-settings=\"{&quot;_position&quot;:&quot;absolute&quot;}\" data-widget_type=\"image.default\">\n\t\t\t\t<div class=\"elementor-widget-container\">\n\t\t\t\t\t\t\t\t\t\t\t\t\t\t\t<img decoding=\"async\" width=\"625\" height=\"618\" src=\"https:\/\/veluxyalikavak.com\/wp-content\/uploads\/2022\/05\/Layer-5-1.png\" class=\"attachment-full size-full wp-image-176\" alt=\"\" srcset=\"https:\/\/veluxyalikavak.com\/wp-content\/uploads\/2022\/05\/Layer-5-1.png 625w, https:\/\/veluxyalikavak.com\/wp-content\/uploads\/2022\/05\/Layer-5-1-300x297.png 300w, https:\/\/veluxyalikavak.com\/wp-content\/uploads\/2022\/05\/Layer-5-1-148x146.png 148w, https:\/\/veluxyalikavak.com\/wp-content\/uploads\/2022\/05\/Layer-5-1-50x50.png 50w, https:\/\/veluxyalikavak.com\/wp-content\/uploads\/2022\/05\/Layer-5-1-76x75.png 76w, https:\/\/veluxyalikavak.com\/wp-content\/uploads\/2022\/05\/Layer-5-1-85x85.png 85w, https:\/\/veluxyalikavak.com\/wp-content\/uploads\/2022\/05\/Layer-5-1-80x80.png 80w\" sizes=\"(max-width: 625px) 100vw, 625px\" \/>\t\t\t\t\t\t\t\t\t\t\t\t\t\t\t<\/div>\n\t\t\t\t<\/div>\n\t\t\t\t\t<\/div>\n\t\t<\/div>\n\t\t\t\t\t<\/div>\n\t\t<\/section>\n\t\t\t\t<section class=\"elementor-section elementor-top-section elementor-element elementor-element-9afa44c elementor-section-full_width elementor-section-height-default elementor-section-height-default\" data-id=\"9afa44c\" data-element_type=\"section\" data-e-type=\"section\">\n\t\t\t\t\t\t<div class=\"elementor-container elementor-column-gap-default\">\n\t\t\t\t\t<div class=\"elementor-column elementor-col-100 elementor-top-column elementor-element elementor-element-936a3f0\" data-id=\"936a3f0\" data-element_type=\"column\" data-e-type=\"column\">\n\t\t\t<div class=\"elementor-widget-wrap elementor-element-populated\">\n\t\t\t\t\t\t<div class=\"elementor-element elementor-element-0203c2b elementor-widget elementor-widget-text-editor\" data-id=\"0203c2b\" data-element_type=\"widget\" data-e-type=\"widget\" data-widget_type=\"text-editor.default\">\n\t\t\t\t<div class=\"elementor-widget-container\">\n\t\t\t\t\t\t\t\t\t<h1>How Was SF Y\u0131ld\u0131z ?<\/h1><p><br \/>F\u0131rat Lifestyle, which entered the construction sector with a history dating back to 1981, and Ata Y\u0131ld\u0131z Group, which has made great contributions to urban transformation since 2010, combined its experience and knowledge in the sector under a big brand name, &#8220;SF Y\u0131ld\u0131z \u0130n\u015faat&#8221;.<\/p><p>We Change the Course of Life;<\/p><p>F\u0131rat Lifestyle and Ata Y\u0131ld\u0131z Group have so far invested in long-lasting and high quality projects in many different locations from Ankara to Uzbekistan. These two companies, which are the leading names in their fields, have gained experience in areas with different features and usage purposes such as residences, offices, shops, villas, residences.<\/p><p>The basis of SF Y\u0131ld\u0131z \u0130n\u015faat, which was born in the light of the past experiences of two large companies, has always been to provide value and satisfaction for the customer. Bringing a new perspective to living spaces, making production and investments that will lead the sector have formed the framework of the main objectives of the brand.<\/p><p>SF Yildiz; Velux Yal\u0131kavak, Natura Yal\u0131kavak, Lucca Yal\u0131kavak, Lucca G\u00fcndo\u011fan has brought a new breath to Bodrum with its projects.<br \/>SF Y\u0131ld\u0131z, which has created 10 thousands of residential and commercial areas, especially in Velux Ankara, Reference Ankara, Natura Bat\u0131kent, Natura \u00c7aklar\u0131, Natura Ya\u015famkent, Natura Vadi, Natura Ovac\u0131k, Natura Alacaatl\u0131, Motto Ankara, and Frequency Eryaman projects, continues its domestic and international production activities rapidly. is doing.<\/p>\t\t\t\t\t\t\t\t<\/div>\n\t\t\t\t<\/div>\n\t\t\t\t<div class=\"elementor-element elementor-element-cd96d8e elementor-widget elementor-widget-image\" data-id=\"cd96d8e\" data-element_type=\"widget\" data-e-type=\"widget\" data-widget_type=\"image.default\">\n\t\t\t\t<div class=\"elementor-widget-container\">\n\t\t\t\t\t\t\t\t\t\t\t\t\t\t\t<img decoding=\"async\" width=\"247\" height=\"256\" src=\"https:\/\/veluxyalikavak.com\/wp-content\/uploads\/2022\/05\/sfyildiz-1-e1653494028722.png\" class=\"attachment-large size-large wp-image-526\" alt=\"\" srcset=\"https:\/\/veluxyalikavak.com\/wp-content\/uploads\/2022\/05\/sfyildiz-1-e1653494028722.png 247w, https:\/\/veluxyalikavak.com\/wp-content\/uploads\/2022\/05\/sfyildiz-1-e1653494028722-141x146.png 141w, https:\/\/veluxyalikavak.com\/wp-content\/uploads\/2022\/05\/sfyildiz-1-e1653494028722-48x50.png 48w, https:\/\/veluxyalikavak.com\/wp-content\/uploads\/2022\/05\/sfyildiz-1-e1653494028722-72x75.png 72w\" sizes=\"(max-width: 247px) 100vw, 247px\" \/>\t\t\t\t\t\t\t\t\t\t\t\t\t\t\t<\/div>\n\t\t\t\t<\/div>\n\t\t\t\t\t<\/div>\n\t\t<\/div>\n\t\t\t\t\t<\/div>\n\t\t<\/section>\n\t\t\t\t<\/div>\n\t\t","protected":false},"excerpt":{"rendered":"<p>How Was SF Y\u0131ld\u0131z ? F\u0131rat Lifestyle, which entered the construction sector with a history dating back to 1981, and [&hellip;]<\/p>\n","protected":false},"author":1,"featured_media":0,"parent":0,"menu_order":0,"comment_status":"closed","ping_status":"closed","template":"","meta":{"site-sidebar-layout":"default","site-content-layout":"","ast-site-content-layout":"default","site-content-style":"default","site-sidebar-style":"default","ast-global-header-display":"","ast-banner-title-visibility":"","ast-main-header-display":"","ast-hfb-above-header-display":"","ast-hfb-below-header-display":"","ast-hfb-mobile-header-display":"","site-post-title":"","ast-breadcrumbs-content":"","ast-featured-img":"","footer-sml-layout":"","ast-disable-related-posts":"","theme-transparent-header-meta":"","adv-header-id-meta":"","stick-header-meta":"","header-above-stick-meta":"","header-main-stick-meta":"","header-below-stick-meta":"","astra-migrate-meta-layouts":"default","ast-page-background-enabled":"default","ast-page-background-meta":{"desktop":{"background-color":"var(--ast-global-color-4)","background-image":"","background-repeat":"repeat","background-position":"center center","background-size":"auto","background-attachment":"scroll","background-type":"","background-media":"","overlay-type":"","overlay-color":"","overlay-opacity":"","overlay-gradient":""},"tablet":{"background-color":"","background-image":"","background-repeat":"repeat","background-position":"center center","background-size":"auto","background-attachment":"scroll","background-type":"","background-media":"","overlay-type":"","overlay-color":"","overlay-opacity":"","overlay-gradient":""},"mobile":{"background-color":"","background-image":"","background-repeat":"repeat","background-position":"center center","background-size":"auto","background-attachment":"scroll","background-type":"","background-media":"","overlay-type":"","overlay-color":"","overlay-opacity":"","overlay-gradient":""}},"ast-content-background-meta":{"desktop":{"background-color":"var(--ast-global-color-5)","background-image":"","background-repeat":"repeat","background-position":"center center","background-size":"auto","background-attachment":"scroll","background-type":"","background-media":"","overlay-type":"","overlay-color":"","overlay-opacity":"","overlay-gradient":""},"tablet":{"background-color":"var(--ast-global-color-5)","background-image":"","background-repeat":"repeat","background-position":"center center","background-size":"auto","background-attachment":"scroll","background-type":"","background-media":"","overlay-type":"","overlay-color":"","overlay-opacity":"","overlay-gradient":""},"mobile":{"background-color":"var(--ast-global-color-5)","background-image":"","background-repeat":"repeat","background-position":"center center","background-size":"auto","background-attachment":"scroll","background-type":"","background-media":"","overlay-type":"","overlay-color":"","overlay-opacity":"","overlay-gradient":""}},"footnotes":""},"class_list":["post-841","page","type-page","status-publish","hentry"],"_links":{"self":[{"href":"https:\/\/veluxyalikavak.com\/en\/wp-json\/wp\/v2\/pages\/841","targetHints":{"allow":["GET"]}}],"collection":[{"href":"https:\/\/veluxyalikavak.com\/en\/wp-json\/wp\/v2\/pages"}],"about":[{"href":"https:\/\/veluxyalikavak.com\/en\/wp-json\/wp\/v2\/types\/page"}],"author":[{"embeddable":true,"href":"https:\/\/veluxyalikavak.com\/en\/wp-json\/wp\/v2\/users\/1"}],"replies":[{"embeddable":true,"href":"https:\/\/veluxyalikavak.com\/en\/wp-json\/wp\/v2\/comments?post=841"}],"version-history":[{"count":0,"href":"https:\/\/veluxyalikavak.com\/en\/wp-json\/wp\/v2\/pages\/841\/revisions"}],"wp:attachment":[{"href":"https:\/\/veluxyalikavak.com\/en\/wp-json\/wp\/v2\/media?parent=841"}],"curies":[{"name":"wp","href":"https:\/\/api.w.org\/{rel}","templated":true}]}}