{"id":866,"date":"2022-05-10T14:02:10","date_gmt":"2022-05-10T11:02:10","guid":{"rendered":"https:\/\/veluxyalikavak.com\/?page_id=866"},"modified":"2023-06-23T15:10:39","modified_gmt":"2023-06-23T12:10:39","slug":"contact-us","status":"publish","type":"page","link":"https:\/\/veluxyalikavak.com\/en\/contact-us\/","title":{"rendered":"Contact Us"},"content":{"rendered":"\t\t<div data-elementor-type=\"wp-page\" data-elementor-id=\"866\" class=\"elementor elementor-866\" data-elementor-post-type=\"page\">\n\t\t\t\t\t\t<section class=\"elementor-section elementor-top-section elementor-element elementor-element-1f641a5d elementor-section-full_width elementor-section-stretched elementor-section-height-default elementor-section-height-default\" data-id=\"1f641a5d\" data-element_type=\"section\" data-e-type=\"section\" data-settings=\"{&quot;stretch_section&quot;:&quot;section-stretched&quot;}\">\n\t\t\t\t\t\t<div class=\"elementor-container elementor-column-gap-no\">\n\t\t\t\t\t<div class=\"elementor-column elementor-col-100 elementor-top-column elementor-element elementor-element-216efb7b\" data-id=\"216efb7b\" data-element_type=\"column\" data-e-type=\"column\">\n\t\t\t<div class=\"elementor-widget-wrap elementor-element-populated\">\n\t\t\t\t\t\t<div class=\"elementor-element elementor-element-1fd528b0 elementor-absolute elementor-widget elementor-widget-image\" data-id=\"1fd528b0\" data-element_type=\"widget\" data-e-type=\"widget\" data-settings=\"{&quot;_position&quot;:&quot;absolute&quot;}\" data-widget_type=\"image.default\">\n\t\t\t\t<div class=\"elementor-widget-container\">\n\t\t\t\t\t\t\t\t\t\t\t\t\t\t\t<img fetchpriority=\"high\" decoding=\"async\" width=\"625\" height=\"618\" src=\"https:\/\/veluxyalikavak.com\/wp-content\/uploads\/2022\/05\/Layer-5-1.png\" class=\"attachment-full size-full wp-image-176\" alt=\"\" srcset=\"https:\/\/veluxyalikavak.com\/wp-content\/uploads\/2022\/05\/Layer-5-1.png 625w, https:\/\/veluxyalikavak.com\/wp-content\/uploads\/2022\/05\/Layer-5-1-300x297.png 300w, https:\/\/veluxyalikavak.com\/wp-content\/uploads\/2022\/05\/Layer-5-1-148x146.png 148w, https:\/\/veluxyalikavak.com\/wp-content\/uploads\/2022\/05\/Layer-5-1-50x50.png 50w, https:\/\/veluxyalikavak.com\/wp-content\/uploads\/2022\/05\/Layer-5-1-76x75.png 76w, https:\/\/veluxyalikavak.com\/wp-content\/uploads\/2022\/05\/Layer-5-1-85x85.png 85w, https:\/\/veluxyalikavak.com\/wp-content\/uploads\/2022\/05\/Layer-5-1-80x80.png 80w\" sizes=\"(max-width: 625px) 100vw, 625px\" \/>\t\t\t\t\t\t\t\t\t\t\t\t\t\t\t<\/div>\n\t\t\t\t<\/div>\n\t\t\t\t<div class=\"elementor-element elementor-element-960116e elementor-absolute elementor-widget elementor-widget-image\" data-id=\"960116e\" data-element_type=\"widget\" data-e-type=\"widget\" data-settings=\"{&quot;_position&quot;:&quot;absolute&quot;}\" data-widget_type=\"image.default\">\n\t\t\t\t<div class=\"elementor-widget-container\">\n\t\t\t\t\t\t\t\t\t\t\t\t\t\t\t<img fetchpriority=\"high\" decoding=\"async\" width=\"625\" height=\"618\" src=\"https:\/\/veluxyalikavak.com\/wp-content\/uploads\/2022\/05\/Layer-5-1.png\" class=\"attachment-full size-full wp-image-176\" alt=\"\" srcset=\"https:\/\/veluxyalikavak.com\/wp-content\/uploads\/2022\/05\/Layer-5-1.png 625w, https:\/\/veluxyalikavak.com\/wp-content\/uploads\/2022\/05\/Layer-5-1-300x297.png 300w, https:\/\/veluxyalikavak.com\/wp-content\/uploads\/2022\/05\/Layer-5-1-148x146.png 148w, https:\/\/veluxyalikavak.com\/wp-content\/uploads\/2022\/05\/Layer-5-1-50x50.png 50w, https:\/\/veluxyalikavak.com\/wp-content\/uploads\/2022\/05\/Layer-5-1-76x75.png 76w, https:\/\/veluxyalikavak.com\/wp-content\/uploads\/2022\/05\/Layer-5-1-85x85.png 85w, https:\/\/veluxyalikavak.com\/wp-content\/uploads\/2022\/05\/Layer-5-1-80x80.png 80w\" sizes=\"(max-width: 625px) 100vw, 625px\" \/>\t\t\t\t\t\t\t\t\t\t\t\t\t\t\t<\/div>\n\t\t\t\t<\/div>\n\t\t\t\t\t<\/div>\n\t\t<\/div>\n\t\t\t\t\t<\/div>\n\t\t<\/section>\n\t\t\t\t<section class=\"elementor-section elementor-top-section elementor-element elementor-element-e56431e elementor-section-boxed elementor-section-height-default elementor-section-height-default\" data-id=\"e56431e\" data-element_type=\"section\" data-e-type=\"section\">\n\t\t\t\t\t\t<div class=\"elementor-container elementor-column-gap-default\">\n\t\t\t\t\t<div class=\"elementor-column elementor-col-100 elementor-top-column elementor-element elementor-element-ccfd5e5\" data-id=\"ccfd5e5\" data-element_type=\"column\" data-e-type=\"column\">\n\t\t\t<div class=\"elementor-widget-wrap elementor-element-populated\">\n\t\t\t\t\t\t<div class=\"elementor-element elementor-element-e9addd0 elementor-widget elementor-widget-image\" data-id=\"e9addd0\" data-element_type=\"widget\" data-e-type=\"widget\" data-widget_type=\"image.default\">\n\t\t\t\t<div class=\"elementor-widget-container\">\n\t\t\t\t\t\t\t\t\t\t\t\t\t\t\t\t<a href=\"https:\/\/www.google.com\/maps\/place\/Velux+Yal%C4%B1kavak\/@37.0799155,27.2529893,17z\/data=!3m1!4b1!4m5!3m4!1s0x14be75c1cd2e90b1:0xdc3d598fc2305aab!8m2!3d37.0799155!4d27.255178\">\n\t\t\t\t\t\t\t<img decoding=\"async\" width=\"247\" height=\"247\" src=\"https:\/\/veluxyalikavak.com\/wp-content\/uploads\/2022\/05\/konum-1.png\" class=\"attachment-large size-large wp-image-500\" alt=\"\" srcset=\"https:\/\/veluxyalikavak.com\/wp-content\/uploads\/2022\/05\/konum-1.png 247w, https:\/\/veluxyalikavak.com\/wp-content\/uploads\/2022\/05\/konum-1-150x150.png 150w, https:\/\/veluxyalikavak.com\/wp-content\/uploads\/2022\/05\/konum-1-146x146.png 146w, https:\/\/veluxyalikavak.com\/wp-content\/uploads\/2022\/05\/konum-1-50x50.png 50w, https:\/\/veluxyalikavak.com\/wp-content\/uploads\/2022\/05\/konum-1-75x75.png 75w, https:\/\/veluxyalikavak.com\/wp-content\/uploads\/2022\/05\/konum-1-85x85.png 85w, https:\/\/veluxyalikavak.com\/wp-content\/uploads\/2022\/05\/konum-1-80x80.png 80w\" sizes=\"(max-width: 247px) 100vw, 247px\" \/>\t\t\t\t\t\t\t\t<\/a>\n\t\t\t\t\t\t\t\t\t\t\t\t\t\t\t<\/div>\n\t\t\t\t<\/div>\n\t\t\t\t<div class=\"elementor-element elementor-element-4a8a045 elementor-widget elementor-widget-image\" data-id=\"4a8a045\" data-element_type=\"widget\" data-e-type=\"widget\" data-widget_type=\"image.default\">\n\t\t\t\t<div class=\"elementor-widget-container\">\n\t\t\t\t\t\t\t\t\t\t\t\t\t\t\t<img decoding=\"async\" width=\"160\" height=\"163\" src=\"https:\/\/veluxyalikavak.com\/wp-content\/uploads\/2022\/05\/Group-83.png\" class=\"attachment-large size-large wp-image-289\" alt=\"\" srcset=\"https:\/\/veluxyalikavak.com\/wp-content\/uploads\/2022\/05\/Group-83.png 160w, https:\/\/veluxyalikavak.com\/wp-content\/uploads\/2022\/05\/Group-83-143x146.png 143w, https:\/\/veluxyalikavak.com\/wp-content\/uploads\/2022\/05\/Group-83-50x50.png 50w, https:\/\/veluxyalikavak.com\/wp-content\/uploads\/2022\/05\/Group-83-74x75.png 74w\" sizes=\"(max-width: 160px) 100vw, 160px\" \/>\t\t\t\t\t\t\t\t\t\t\t\t\t\t\t<\/div>\n\t\t\t\t<\/div>\n\t\t\t\t\t<\/div>\n\t\t<\/div>\n\t\t\t\t\t<\/div>\n\t\t<\/section>\n\t\t\t\t<\/div>\n\t\t","protected":false},"excerpt":{"rendered":"<p>Ad\u0131n\u0131z Soyad\u0131n\u0131z E-posta adresiniz Telefon Numaran\u0131z KVKK ayd\u0131nlatma metnini okudum. Kampanyalardan haberdar olmak i\u00e7in taraf\u0131ma elektronik ileti g\u00f6nderilmesini kabul ederim.<\/p>\n","protected":false},"author":1,"featured_media":0,"parent":0,"menu_order":0,"comment_status":"closed","ping_status":"closed","template":"","meta":{"site-sidebar-layout":"default","site-content-layout":"","ast-site-content-layout":"default","site-content-style":"default","site-sidebar-style":"default","ast-global-header-display":"","ast-banner-title-visibility":"","ast-main-header-display":"","ast-hfb-above-header-display":"","ast-hfb-below-header-display":"","ast-hfb-mobile-header-display":"","site-post-title":"","ast-breadcrumbs-content":"","ast-featured-img":"","footer-sml-layout":"","ast-disable-related-posts":"","theme-transparent-header-meta":"","adv-header-id-meta":"","stick-header-meta":"","header-above-stick-meta":"","header-main-stick-meta":"","header-below-stick-meta":"","astra-migrate-meta-layouts":"default","ast-page-background-enabled":"default","ast-page-background-meta":{"desktop":{"background-color":"var(--ast-global-color-4)","background-image":"","background-repeat":"repeat","background-position":"center center","background-size":"auto","background-attachment":"scroll","background-type":"","background-media":"","overlay-type":"","overlay-color":"","overlay-opacity":"","overlay-gradient":""},"tablet":{"background-color":"","background-image":"","background-repeat":"repeat","background-position":"center center","background-size":"auto","background-attachment":"scroll","background-type":"","background-media":"","overlay-type":"","overlay-color":"","overlay-opacity":"","overlay-gradient":""},"mobile":{"background-color":"","background-image":"","background-repeat":"repeat","background-position":"center center","background-size":"auto","background-attachment":"scroll","background-type":"","background-media":"","overlay-type":"","overlay-color":"","overlay-opacity":"","overlay-gradient":""}},"ast-content-background-meta":{"desktop":{"background-color":"var(--ast-global-color-5)","background-image":"","background-repeat":"repeat","background-position":"center center","background-size":"auto","background-attachment":"scroll","background-type":"","background-media":"","overlay-type":"","overlay-color":"","overlay-opacity":"","overlay-gradient":""},"tablet":{"background-color":"var(--ast-global-color-5)","background-image":"","background-repeat":"repeat","background-position":"center center","background-size":"auto","background-attachment":"scroll","background-type":"","background-media":"","overlay-type":"","overlay-color":"","overlay-opacity":"","overlay-gradient":""},"mobile":{"background-color":"var(--ast-global-color-5)","background-image":"","background-repeat":"repeat","background-position":"center center","background-size":"auto","background-attachment":"scroll","background-type":"","background-media":"","overlay-type":"","overlay-color":"","overlay-opacity":"","overlay-gradient":""}},"footnotes":""},"class_list":["post-866","page","type-page","status-publish","hentry"],"_links":{"self":[{"href":"https:\/\/veluxyalikavak.com\/en\/wp-json\/wp\/v2\/pages\/866","targetHints":{"allow":["GET"]}}],"collection":[{"href":"https:\/\/veluxyalikavak.com\/en\/wp-json\/wp\/v2\/pages"}],"about":[{"href":"https:\/\/veluxyalikavak.com\/en\/wp-json\/wp\/v2\/types\/page"}],"author":[{"embeddable":true,"href":"https:\/\/veluxyalikavak.com\/en\/wp-json\/wp\/v2\/users\/1"}],"replies":[{"embeddable":true,"href":"https:\/\/veluxyalikavak.com\/en\/wp-json\/wp\/v2\/comments?post=866"}],"version-history":[{"count":0,"href":"https:\/\/veluxyalikavak.com\/en\/wp-json\/wp\/v2\/pages\/866\/revisions"}],"wp:attachment":[{"href":"https:\/\/veluxyalikavak.com\/en\/wp-json\/wp\/v2\/media?parent=866"}],"curies":[{"name":"wp","href":"https:\/\/api.w.org\/{rel}","templated":true}]}}