{"id":1005,"date":"2022-05-23T10:05:39","date_gmt":"2022-05-23T07:05:39","guid":{"rendered":"https:\/\/veluxyalikavak.com\/?page_id=1005"},"modified":"2022-06-10T15:11:31","modified_gmt":"2022-06-10T12:11:31","slug":"%d0%be-%d0%bd%d0%b0%d1%81","status":"publish","type":"page","link":"https:\/\/veluxyalikavak.com\/ru\/%d0%be-%d0%bd%d0%b0%d1%81\/","title":{"rendered":"\u041e \u043d\u0430\u0441"},"content":{"rendered":"\t\t<div data-elementor-type=\"wp-page\" data-elementor-id=\"1005\" class=\"elementor elementor-1005\" data-elementor-post-type=\"page\">\n\t\t\t\t\t\t<section class=\"elementor-section elementor-top-section elementor-element elementor-element-9afeae0 elementor-section-full_width elementor-section-stretched elementor-section-height-default elementor-section-height-default\" data-id=\"9afeae0\" data-element_type=\"section\" data-e-type=\"section\" data-settings=\"{&quot;stretch_section&quot;:&quot;section-stretched&quot;}\">\n\t\t\t\t\t\t<div class=\"elementor-container elementor-column-gap-no\">\n\t\t\t\t\t<div class=\"elementor-column elementor-col-100 elementor-top-column elementor-element elementor-element-c5773d9\" data-id=\"c5773d9\" data-element_type=\"column\" data-e-type=\"column\">\n\t\t\t<div class=\"elementor-widget-wrap elementor-element-populated\">\n\t\t\t\t\t\t<div class=\"elementor-element elementor-element-e6dc608 elementor-widget elementor-widget-image\" data-id=\"e6dc608\" data-element_type=\"widget\" data-e-type=\"widget\" data-widget_type=\"image.default\">\n\t\t\t\t<div class=\"elementor-widget-container\">\n\t\t\t\t\t\t\t\t\t\t\t\t\t\t\t<img fetchpriority=\"high\" decoding=\"async\" width=\"1920\" height=\"715\" src=\"https:\/\/veluxyalikavak.com\/wp-content\/uploads\/2022\/05\/VELUX-WEB-BACK.png\" class=\"attachment-full size-full wp-image-175\" alt=\"\" srcset=\"https:\/\/veluxyalikavak.com\/wp-content\/uploads\/2022\/05\/VELUX-WEB-BACK.png 1920w, https:\/\/veluxyalikavak.com\/wp-content\/uploads\/2022\/05\/VELUX-WEB-BACK-300x112.png 300w, https:\/\/veluxyalikavak.com\/wp-content\/uploads\/2022\/05\/VELUX-WEB-BACK-1024x381.png 1024w, https:\/\/veluxyalikavak.com\/wp-content\/uploads\/2022\/05\/VELUX-WEB-BACK-768x286.png 768w, https:\/\/veluxyalikavak.com\/wp-content\/uploads\/2022\/05\/VELUX-WEB-BACK-1536x572.png 1536w, https:\/\/veluxyalikavak.com\/wp-content\/uploads\/2022\/05\/VELUX-WEB-BACK-260x97.png 260w, https:\/\/veluxyalikavak.com\/wp-content\/uploads\/2022\/05\/VELUX-WEB-BACK-50x19.png 50w, https:\/\/veluxyalikavak.com\/wp-content\/uploads\/2022\/05\/VELUX-WEB-BACK-150x56.png 150w\" sizes=\"(max-width: 1920px) 100vw, 1920px\" \/>\t\t\t\t\t\t\t\t\t\t\t\t\t\t\t<\/div>\n\t\t\t\t<\/div>\n\t\t\t\t<div class=\"elementor-element elementor-element-c95ef4e elementor-absolute elementor-widget elementor-widget-image\" data-id=\"c95ef4e\" data-element_type=\"widget\" data-e-type=\"widget\" data-settings=\"{&quot;_position&quot;:&quot;absolute&quot;}\" data-widget_type=\"image.default\">\n\t\t\t\t<div class=\"elementor-widget-container\">\n\t\t\t\t\t\t\t\t\t\t\t\t\t\t\t<img decoding=\"async\" width=\"625\" height=\"618\" src=\"https:\/\/veluxyalikavak.com\/wp-content\/uploads\/2022\/05\/Layer-5-1.png\" class=\"attachment-full size-full wp-image-176\" alt=\"\" srcset=\"https:\/\/veluxyalikavak.com\/wp-content\/uploads\/2022\/05\/Layer-5-1.png 625w, https:\/\/veluxyalikavak.com\/wp-content\/uploads\/2022\/05\/Layer-5-1-300x297.png 300w, https:\/\/veluxyalikavak.com\/wp-content\/uploads\/2022\/05\/Layer-5-1-148x146.png 148w, https:\/\/veluxyalikavak.com\/wp-content\/uploads\/2022\/05\/Layer-5-1-50x50.png 50w, https:\/\/veluxyalikavak.com\/wp-content\/uploads\/2022\/05\/Layer-5-1-76x75.png 76w, https:\/\/veluxyalikavak.com\/wp-content\/uploads\/2022\/05\/Layer-5-1-85x85.png 85w, https:\/\/veluxyalikavak.com\/wp-content\/uploads\/2022\/05\/Layer-5-1-80x80.png 80w\" sizes=\"(max-width: 625px) 100vw, 625px\" \/>\t\t\t\t\t\t\t\t\t\t\t\t\t\t\t<\/div>\n\t\t\t\t<\/div>\n\t\t\t\t\t<\/div>\n\t\t<\/div>\n\t\t\t\t\t<\/div>\n\t\t<\/section>\n\t\t\t\t<section class=\"elementor-section elementor-top-section elementor-element elementor-element-9afa44c elementor-section-full_width elementor-section-height-default elementor-section-height-default\" data-id=\"9afa44c\" data-element_type=\"section\" data-e-type=\"section\">\n\t\t\t\t\t\t<div class=\"elementor-container elementor-column-gap-default\">\n\t\t\t\t\t<div class=\"elementor-column elementor-col-100 elementor-top-column elementor-element elementor-element-936a3f0\" data-id=\"936a3f0\" data-element_type=\"column\" data-e-type=\"column\">\n\t\t\t<div class=\"elementor-widget-wrap elementor-element-populated\">\n\t\t\t\t\t\t<div class=\"elementor-element elementor-element-0203c2b elementor-widget elementor-widget-text-editor\" data-id=\"0203c2b\" data-element_type=\"widget\" data-e-type=\"widget\" data-widget_type=\"text-editor.default\">\n\t\t\t\t<div class=\"elementor-widget-container\">\n\t\t\t\t\t\t\t\t\t<h2><strong>SF Y\u0131ld\u0131z \u041a\u0430\u043a \u043e\u043d \u0440\u043e\u0434\u0438\u043b\u0441\u044f ?<\/strong><\/h2><p><br \/>F\u0131rat Lifestyle, \u043a\u043e\u0442\u043e\u0440\u0430\u044f \u0432\u043e\u0448\u043b\u0430 \u0432 \u0441\u0442\u0440\u043e\u0438\u0442\u0435\u043b\u044c\u043d\u044b\u0439 \u0441\u0435\u043a\u0442\u043e\u0440 \u0441 \u0438\u0441\u0442\u043e\u0440\u0438\u0435\u0439, \u0432\u043e\u0441\u0445\u043e\u0434\u044f\u0449\u0435\u0439 \u043a 1981 \u0433\u043e\u0434\u0443, \u0438 Ata Y\u0131ld\u0131z Group, \u043a\u043e\u0442\u043e\u0440\u0430\u044f \u0441 2010 \u0433\u043e\u0434\u0430 \u0432\u043d\u0435\u0441\u043b\u0430 \u0431\u043e\u043b\u044c\u0448\u043e\u0439 \u0432\u043a\u043b\u0430\u0434 \u0432 \u043f\u0440\u0435\u043e\u0431\u0440\u0430\u0437\u043e\u0432\u0430\u043d\u0438\u0435 \u0433\u043e\u0440\u043e\u0434\u043e\u0432, \u043e\u0431\u044a\u0435\u0434\u0438\u043d\u0438\u043b\u0438 \u0441\u0432\u043e\u0439 \u043e\u043f\u044b\u0442 \u0438 \u0437\u043d\u0430\u043d\u0438\u044f \u0432 \u044d\u0442\u043e\u043c \u0441\u0435\u043a\u0442\u043e\u0440\u0435 \u043f\u043e\u0434 \u0431\u043e\u043b\u044c\u0448\u0438\u043c \u0431\u0440\u0435\u043d\u0434\u043e\u043c \u00abSF Y\u0131ld\u0131z \u0130n\u015faat\u00bb. &#171;.<\/p><p>\u041c\u044b \u043c\u0435\u043d\u044f\u0435\u043c \u0445\u043e\u0434 \u0436\u0438\u0437\u043d\u0438;<\/p><p>F\u0131rat Lifestyle \u0438 Ata Y\u0131ld\u0131z Group \u0434\u043e \u0441\u0438\u0445 \u043f\u043e\u0440 \u0438\u043d\u0432\u0435\u0441\u0442\u0438\u0440\u043e\u0432\u0430\u043b\u0438 \u0432 \u0434\u043e\u043b\u0433\u043e\u0441\u0440\u043e\u0447\u043d\u044b\u0435 \u0438 \u0432\u044b\u0441\u043e\u043a\u043e\u043a\u0430\u0447\u0435\u0441\u0442\u0432\u0435\u043d\u043d\u044b\u0435 \u043f\u0440\u043e\u0435\u043a\u0442\u044b \u0432\u043e \u043c\u043d\u043e\u0433\u0438\u0445 \u0440\u0430\u0437\u043d\u044b\u0445 \u043c\u0435\u0441\u0442\u0430\u0445 \u043e\u0442 \u0410\u043d\u043a\u0430\u0440\u044b \u0434\u043e \u0423\u0437\u0431\u0435\u043a\u0438\u0441\u0442\u0430\u043d\u0430. \u042d\u0442\u0438 \u0434\u0432\u0435 \u043a\u043e\u043c\u043f\u0430\u043d\u0438\u0438, \u044f\u0432\u043b\u044f\u044e\u0449\u0438\u0435\u0441\u044f \u0432\u0435\u0434\u0443\u0449\u0438\u043c\u0438 \u0438\u043c\u0435\u043d\u0430\u043c\u0438 \u0432 \u0441\u0432\u043e\u0438\u0445 \u043e\u0431\u043b\u0430\u0441\u0442\u044f\u0445, \u043d\u0430\u043a\u043e\u043f\u0438\u043b\u0438 \u043e\u043f\u044b\u0442 \u0432 \u043e\u0431\u043b\u0430\u0441\u0442\u044f\u0445 \u0441 \u0440\u0430\u0437\u043b\u0438\u0447\u043d\u044b\u043c\u0438 \u0445\u0430\u0440\u0430\u043a\u0442\u0435\u0440\u0438\u0441\u0442\u0438\u043a\u0430\u043c\u0438 \u0438 \u0446\u0435\u043b\u044f\u043c\u0438 \u0438\u0441\u043f\u043e\u043b\u044c\u0437\u043e\u0432\u0430\u043d\u0438\u044f, \u0442\u0430\u043a\u0438\u043c\u0438 \u043a\u0430\u043a \u0436\u0438\u043b\u044b\u0435 \u0434\u043e\u043c\u0430, \u043e\u0444\u0438\u0441\u044b, \u043c\u0430\u0433\u0430\u0437\u0438\u043d\u044b, \u0432\u0438\u043b\u043b\u044b, \u0440\u0435\u0437\u0438\u0434\u0435\u043d\u0446\u0438\u0438.<\/p><p>\u041e\u0441\u043d\u043e\u0432\u043e\u0439 SF Y\u0131ld\u0131z \u0130n\u015faat, \u043a\u043e\u0442\u043e\u0440\u0430\u044f \u0440\u043e\u0434\u0438\u043b\u0430\u0441\u044c \u0432 \u0441\u0432\u0435\u0442\u0435 \u043f\u0440\u043e\u0448\u043b\u043e\u0433\u043e \u043e\u043f\u044b\u0442\u0430 \u0434\u0432\u0443\u0445 \u043a\u0440\u0443\u043f\u043d\u044b\u0445 \u043a\u043e\u043c\u043f\u0430\u043d\u0438\u0439, \u0432\u0441\u0435\u0433\u0434\u0430 \u0431\u044b\u043b\u043e \u043e\u0431\u0435\u0441\u043f\u0435\u0447\u0435\u043d\u0438\u0435 \u0446\u0435\u043d\u043d\u043e\u0441\u0442\u0438 \u0438 \u0443\u0434\u043e\u0432\u043b\u0435\u0442\u0432\u043e\u0440\u0435\u043d\u0438\u044f \u043a\u043b\u0438\u0435\u043d\u0442\u043e\u0432. \u041f\u0440\u0438\u0432\u043d\u0435\u0441\u0442\u0438 \u043d\u043e\u0432\u0443\u044e \u043f\u0435\u0440\u0441\u043f\u0435\u043a\u0442\u0438\u0432\u0443 \u0432 \u0436\u0438\u043b\u044b\u0435 \u043f\u043e\u043c\u0435\u0449\u0435\u043d\u0438\u044f, \u043f\u0440\u043e\u0438\u0437\u0432\u043e\u0434\u0441\u0442\u0432\u043e \u0438 \u0438\u043d\u0432\u0435\u0441\u0442\u0438\u0446\u0438\u0438, \u043a\u043e\u0442\u043e\u0440\u044b\u0435 \u0431\u0443\u0434\u0443\u0442 \u0432\u0435\u0441\u0442\u0438 \u0441\u0435\u043a\u0442\u043e\u0440, \u0441\u0444\u043e\u0440\u043c\u0438\u0440\u043e\u0432\u0430\u043b\u0438 \u043e\u0441\u043d\u043e\u0432\u0443 \u043e\u0441\u043d\u043e\u0432\u043d\u044b\u0445 \u0446\u0435\u043b\u0435\u0439 \u0431\u0440\u0435\u043d\u0434\u0430.<\/p><p>\u0421. \u0424. \u0419\u044b\u043b\u0434\u044b\u0437; Velux Yal\u0131kavak, Natura Yal\u0131kavak, Lucca Yal\u0131kavak, Lucca G\u00fcndo\u011fan \u0441\u0432\u043e\u0438\u043c\u0438 \u043f\u0440\u043e\u0435\u043a\u0442\u0430\u043c\u0438 \u043f\u0440\u0438\u0432\u043d\u0435\u0441\u043b\u0438 \u043d\u043e\u0432\u043e\u0435 \u0434\u044b\u0445\u0430\u043d\u0438\u0435 \u0432 \u0411\u043e\u0434\u0440\u0443\u043c.<br \/>SF Y\u0131ld\u0131z, \u043a\u043e\u0442\u043e\u0440\u0430\u044f \u0441\u043e\u0437\u0434\u0430\u043b\u0430 10 \u0442\u044b\u0441\u044f\u0447 \u0436\u0438\u043b\u044b\u0445 \u0438 \u043a\u043e\u043c\u043c\u0435\u0440\u0447\u0435\u0441\u043a\u0438\u0445 \u043f\u043b\u043e\u0449\u0430\u0434\u0435\u0439, \u043e\u0441\u043e\u0431\u0435\u043d\u043d\u043e \u0432 \u043f\u0440\u043e\u0435\u043a\u0442\u0430\u0445 Velux Ankara, Reference Ankara, Natura Bat\u0131kent, Natura \u00c7aklar\u0131, Natura Ya\u015famkent, Natura Vadi, Natura Ovac\u0131k, Natura Alacaatl\u0131, Motto Ankara \u0438 Frequency Eryaman, \u043f\u0440\u043e\u0434\u043e\u043b\u0436\u0430\u0435\u0442 \u0441\u0432\u043e\u044e \u0434\u0435\u044f\u0442\u0435\u043b\u044c\u043d\u043e\u0441\u0442\u044c. \u043e\u0442\u0435\u0447\u0435\u0441\u0442\u0432\u0435\u043d\u043d\u0430\u044f \u0438 \u043c\u0435\u0436\u0434\u0443\u043d\u0430\u0440\u043e\u0434\u043d\u0430\u044f \u043f\u0440\u043e\u0438\u0437\u0432\u043e\u0434\u0441\u0442\u0432\u0435\u043d\u043d\u0430\u044f \u0434\u0435\u044f\u0442\u0435\u043b\u044c\u043d\u043e\u0441\u0442\u044c \u0431\u044b\u0441\u0442\u0440\u043e.<\/p><p>\u041f\u043e\u0434\u0440\u043e\u0431\u043d\u0430\u044f \u0438\u043d\u0444\u043e\u0440\u043c\u0430\u0446\u0438\u044f: <a href=\"https:\/\/sfyildizinsaat.com\">https:\/\/sfyildizinsaat.com<\/a><\/p>\t\t\t\t\t\t\t\t<\/div>\n\t\t\t\t<\/div>\n\t\t\t\t<div class=\"elementor-element elementor-element-cd96d8e elementor-widget elementor-widget-image\" data-id=\"cd96d8e\" data-element_type=\"widget\" data-e-type=\"widget\" data-widget_type=\"image.default\">\n\t\t\t\t<div class=\"elementor-widget-container\">\n\t\t\t\t\t\t\t\t\t\t\t\t\t\t\t<img decoding=\"async\" width=\"247\" height=\"256\" src=\"https:\/\/veluxyalikavak.com\/wp-content\/uploads\/2022\/05\/sfyildiz-1-e1653494028722.png\" class=\"attachment-large size-large wp-image-526\" alt=\"\" srcset=\"https:\/\/veluxyalikavak.com\/wp-content\/uploads\/2022\/05\/sfyildiz-1-e1653494028722.png 247w, https:\/\/veluxyalikavak.com\/wp-content\/uploads\/2022\/05\/sfyildiz-1-e1653494028722-141x146.png 141w, https:\/\/veluxyalikavak.com\/wp-content\/uploads\/2022\/05\/sfyildiz-1-e1653494028722-48x50.png 48w, https:\/\/veluxyalikavak.com\/wp-content\/uploads\/2022\/05\/sfyildiz-1-e1653494028722-72x75.png 72w\" sizes=\"(max-width: 247px) 100vw, 247px\" \/>\t\t\t\t\t\t\t\t\t\t\t\t\t\t\t<\/div>\n\t\t\t\t<\/div>\n\t\t\t\t\t<\/div>\n\t\t<\/div>\n\t\t\t\t\t<\/div>\n\t\t<\/section>\n\t\t\t\t<\/div>\n\t\t","protected":false},"excerpt":{"rendered":"<p>SF Y\u0131ld\u0131z \u041a\u0430\u043a \u043e\u043d \u0440\u043e\u0434\u0438\u043b\u0441\u044f ? F\u0131rat Lifestyle, \u043a\u043e\u0442\u043e\u0440\u0430\u044f \u0432\u043e\u0448\u043b\u0430 \u0432 \u0441\u0442\u0440\u043e\u0438\u0442\u0435\u043b\u044c\u043d\u044b\u0439 \u0441\u0435\u043a\u0442\u043e\u0440 \u0441 \u0438\u0441\u0442\u043e\u0440\u0438\u0435\u0439, \u0432\u043e\u0441\u0445\u043e\u0434\u044f\u0449\u0435\u0439 \u043a 1981 \u0433\u043e\u0434\u0443, \u0438 [&hellip;]<\/p>\n","protected":false},"author":1,"featured_media":0,"parent":0,"menu_order":0,"comment_status":"closed","ping_status":"closed","template":"","meta":{"site-sidebar-layout":"default","site-content-layout":"","ast-site-content-layout":"default","site-content-style":"default","site-sidebar-style":"default","ast-global-header-display":"","ast-banner-title-visibility":"","ast-main-header-display":"","ast-hfb-above-header-display":"","ast-hfb-below-header-display":"","ast-hfb-mobile-header-display":"","site-post-title":"","ast-breadcrumbs-content":"","ast-featured-img":"","footer-sml-layout":"","ast-disable-related-posts":"","theme-transparent-header-meta":"","adv-header-id-meta":"","stick-header-meta":"","header-above-stick-meta":"","header-main-stick-meta":"","header-below-stick-meta":"","astra-migrate-meta-layouts":"default","ast-page-background-enabled":"default","ast-page-background-meta":{"desktop":{"background-color":"var(--ast-global-color-4)","background-image":"","background-repeat":"repeat","background-position":"center center","background-size":"auto","background-attachment":"scroll","background-type":"","background-media":"","overlay-type":"","overlay-color":"","overlay-opacity":"","overlay-gradient":""},"tablet":{"background-color":"","background-image":"","background-repeat":"repeat","background-position":"center center","background-size":"auto","background-attachment":"scroll","background-type":"","background-media":"","overlay-type":"","overlay-color":"","overlay-opacity":"","overlay-gradient":""},"mobile":{"background-color":"","background-image":"","background-repeat":"repeat","background-position":"center center","background-size":"auto","background-attachment":"scroll","background-type":"","background-media":"","overlay-type":"","overlay-color":"","overlay-opacity":"","overlay-gradient":""}},"ast-content-background-meta":{"desktop":{"background-color":"var(--ast-global-color-5)","background-image":"","background-repeat":"repeat","background-position":"center center","background-size":"auto","background-attachment":"scroll","background-type":"","background-media":"","overlay-type":"","overlay-color":"","overlay-opacity":"","overlay-gradient":""},"tablet":{"background-color":"var(--ast-global-color-5)","background-image":"","background-repeat":"repeat","background-position":"center center","background-size":"auto","background-attachment":"scroll","background-type":"","background-media":"","overlay-type":"","overlay-color":"","overlay-opacity":"","overlay-gradient":""},"mobile":{"background-color":"var(--ast-global-color-5)","background-image":"","background-repeat":"repeat","background-position":"center center","background-size":"auto","background-attachment":"scroll","background-type":"","background-media":"","overlay-type":"","overlay-color":"","overlay-opacity":"","overlay-gradient":""}},"footnotes":""},"class_list":["post-1005","page","type-page","status-publish","hentry"],"_links":{"self":[{"href":"https:\/\/veluxyalikavak.com\/ru\/wp-json\/wp\/v2\/pages\/1005","targetHints":{"allow":["GET"]}}],"collection":[{"href":"https:\/\/veluxyalikavak.com\/ru\/wp-json\/wp\/v2\/pages"}],"about":[{"href":"https:\/\/veluxyalikavak.com\/ru\/wp-json\/wp\/v2\/types\/page"}],"author":[{"embeddable":true,"href":"https:\/\/veluxyalikavak.com\/ru\/wp-json\/wp\/v2\/users\/1"}],"replies":[{"embeddable":true,"href":"https:\/\/veluxyalikavak.com\/ru\/wp-json\/wp\/v2\/comments?post=1005"}],"version-history":[{"count":0,"href":"https:\/\/veluxyalikavak.com\/ru\/wp-json\/wp\/v2\/pages\/1005\/revisions"}],"wp:attachment":[{"href":"https:\/\/veluxyalikavak.com\/ru\/wp-json\/wp\/v2\/media?parent=1005"}],"curies":[{"name":"wp","href":"https:\/\/api.w.org\/{rel}","templated":true}]}}